{"id":301,"date":"2026-01-07T11:21:15","date_gmt":"2026-01-07T11:21:15","guid":{"rendered":"https:\/\/ciencia-medicina-biologia-molecular.clinicavaldai.com.br\/porto-alegre-rs-brasil\/?page_id=301"},"modified":"2026-01-09T08:48:29","modified_gmt":"2026-01-09T08:48:29","slug":"biologia-molecular","status":"publish","type":"page","link":"https:\/\/ciencia-medicina-biologia-molecular.clinicavaldai.com.br\/porto-alegre-rs-brasil\/biologia-molecular\/","title":{"rendered":"BIOLOGIA MOLECULAR"},"content":{"rendered":"\n<div class=\"wp-block-group has-global-padding is-layout-constrained wp-container-core-group-is-layout-429943f4 wp-block-group-is-layout-constrained\" style=\"padding-top:var(--wp--preset--spacing--xx-large);padding-right:var(--wp--preset--spacing--x-small);padding-bottom:var(--wp--preset--spacing--xx-large);padding-left:var(--wp--preset--spacing--x-small)\">\n<div class=\"wp-block-group alignfull has-global-padding is-layout-constrained wp-container-core-group-is-layout-19de00cd wp-block-group-is-layout-constrained\" style=\"margin-top:0;margin-bottom:0\">\n<div class=\"wp-block-columns is-layout-flex wp-container-core-columns-is-layout-437095ab wp-block-columns-is-layout-flex\" style=\"margin-top:0;padding-top:var(--wp--preset--spacing--x-small)\">\n<div class=\"wp-block-column is-layout-flow wp-container-core-column-is-layout-c7b3064f wp-block-column-is-layout-flow\">\n<div class=\"wp-block-group is-nowrap is-layout-flex wp-container-core-group-is-layout-dae6801e wp-block-group-is-layout-flex\" style=\"margin-bottom:var(--wp--preset--spacing--x-small)\">\n<hr class=\"wp-block-separator has-text-color has-highlight-color has-alpha-channel-opacity has-highlight-background-color has-background is-style-wide wp-container-content-e1bb55cb\"\/>\n\n\n\n<h6 class=\"wp-block-heading has-highlight-color has-text-color has-link-color has-poppins-font-family has-x-small-font-size wp-elements-c1288a6b4363bf03cc413dce83f6434f\" style=\"font-style:normal;font-weight:600\">Pioneira na introdu\u00e7\u00e3o da Biologia Molecular no Rio Grande do Sul.<\/h6>\n<\/div>\n\n\n\n<h3 class=\"wp-block-heading has-text-align-center has-poppins-font-family\" style=\"font-style:normal;font-weight:700\">BIOLOGIA MOLECULAR<\/h3>\n\n\n\n<p class=\"has-text-align-left has-poppins-font-family has-small-font-size\">A Cl\u00ednica Dr. Jos\u00e9 Valda\u00ed de Souza trata o paciente com os Maiores Avan\u00e7os cient\u00edficos em Biologia Molecular, enfocando a preven\u00e7\u00e3o das doen\u00e7as como o passo mais importante da sa\u00fade, apresentando terapias de ponta.<\/p>\n<\/div>\n<\/div>\n\n\n\n<div class=\"wp-block-group has-global-padding is-layout-constrained wp-container-core-group-is-layout-23cc8a20 wp-block-group-is-layout-constrained\">\n<div class=\"wp-block-group is-content-justification-center is-nowrap is-layout-flex wp-container-core-group-is-layout-23441af8 wp-block-group-is-layout-flex\">\n<hr class=\"wp-block-separator has-text-color has-outline-color has-alpha-channel-opacity has-outline-background-color has-background\"\/>\n\n\n\n<p class=\"has-text-align-center has-poppins-font-family has-large-font-size\" style=\"font-style:normal;font-weight:600;line-height:1.3\">Os Maiores Avan\u00e7os cient\u00edficos em Biologia Molecular:<\/p>\n\n\n\n<hr class=\"wp-block-separator has-text-color has-outline-color has-alpha-channel-opacity has-outline-background-color has-background\"\/>\n<\/div>\n<\/div>\n<\/div>\n<\/div>\n\n\n\n<div class=\"wp-block-group has-global-padding is-layout-constrained wp-block-group-is-layout-constrained\">\n<div class=\"wp-block-columns is-layout-flex wp-container-core-columns-is-layout-abc2cfea wp-block-columns-is-layout-flex\">\n<div class=\"wp-block-column is-layout-flow wp-container-core-column-is-layout-b02dbefb wp-block-column-is-layout-flow\" style=\"padding-top:var(--wp--preset--spacing--medium)\">\n<figure class=\"wp-block-image aligncenter size-full has-custom-border\"><img loading=\"lazy\" decoding=\"async\" width=\"500\" height=\"500\" src=\"https:\/\/ciencia-medicina-biologia-molecular.clinicavaldai.com.br\/porto-alegre-rs-brasil\/wp-content\/uploads\/2026\/01\/img-biologia-molecular-valdai-dna-rna-500.jpg\" alt=\"\" class=\"wp-image-520\" style=\"border-radius:100%\" srcset=\"https:\/\/ciencia-medicina-biologia-molecular.clinicavaldai.com.br\/porto-alegre-rs-brasil\/wp-content\/uploads\/2026\/01\/img-biologia-molecular-valdai-dna-rna-500.jpg 500w, https:\/\/ciencia-medicina-biologia-molecular.clinicavaldai.com.br\/porto-alegre-rs-brasil\/wp-content\/uploads\/2026\/01\/img-biologia-molecular-valdai-dna-rna-500-300x300.jpg 300w, https:\/\/ciencia-medicina-biologia-molecular.clinicavaldai.com.br\/porto-alegre-rs-brasil\/wp-content\/uploads\/2026\/01\/img-biologia-molecular-valdai-dna-rna-500-150x150.jpg 150w\" sizes=\"auto, (max-width: 500px) 100vw, 500px\" \/><\/figure>\n\n\n\n<div class=\"wp-block-group is-content-justification-center is-nowrap is-layout-flex wp-container-core-group-is-layout-d8127cb4 wp-block-group-is-layout-flex\" style=\"margin-top:-40px;margin-bottom:0px\"><\/div>\n\n\n\n<h5 class=\"wp-block-heading has-text-align-center has-poppins-font-family\" style=\"margin-top:var(--wp--preset--spacing--small);margin-bottom:var(--wp--preset--spacing--xx-small);font-style:normal;font-weight:600;line-height:1.2\"><br>Deten\u00e7\u00e3o precoz <br>de DNA e RNA<\/h5>\n<\/div>\n\n\n\n<div class=\"wp-block-column is-layout-flow wp-container-core-column-is-layout-8a368f38 wp-block-column-is-layout-flow\">\n<figure class=\"wp-block-image aligncenter size-full has-custom-border\"><img loading=\"lazy\" decoding=\"async\" width=\"500\" height=\"500\" src=\"https:\/\/ciencia-medicina-biologia-molecular.clinicavaldai.com.br\/porto-alegre-rs-brasil\/wp-content\/uploads\/2026\/01\/img-biologia-molecular-valdai-cells-terapias-biologicas-500.jpg\" alt=\"\" class=\"wp-image-519\" style=\"border-radius:100%\" srcset=\"https:\/\/ciencia-medicina-biologia-molecular.clinicavaldai.com.br\/porto-alegre-rs-brasil\/wp-content\/uploads\/2026\/01\/img-biologia-molecular-valdai-cells-terapias-biologicas-500.jpg 500w, https:\/\/ciencia-medicina-biologia-molecular.clinicavaldai.com.br\/porto-alegre-rs-brasil\/wp-content\/uploads\/2026\/01\/img-biologia-molecular-valdai-cells-terapias-biologicas-500-300x300.jpg 300w, https:\/\/ciencia-medicina-biologia-molecular.clinicavaldai.com.br\/porto-alegre-rs-brasil\/wp-content\/uploads\/2026\/01\/img-biologia-molecular-valdai-cells-terapias-biologicas-500-150x150.jpg 150w\" sizes=\"auto, (max-width: 500px) 100vw, 500px\" \/><\/figure>\n\n\n\n<div class=\"wp-block-group is-content-justification-center is-nowrap is-layout-flex wp-container-core-group-is-layout-d8127cb4 wp-block-group-is-layout-flex\" style=\"margin-top:-40px;margin-bottom:0px\"><\/div>\n\n\n\n<h5 class=\"wp-block-heading has-text-align-center has-poppins-font-family\" style=\"margin-top:var(--wp--preset--spacing--small);margin-bottom:var(--wp--preset--spacing--xx-small);font-style:normal;font-weight:600;line-height:1.2\"><br>Terapias <br>Biol\u00f3gicas<\/h5>\n<\/div>\n\n\n\n<div class=\"wp-block-column is-layout-flow wp-container-core-column-is-layout-b02dbefb wp-block-column-is-layout-flow\" style=\"padding-top:var(--wp--preset--spacing--medium)\">\n<figure class=\"wp-block-image aligncenter size-full has-custom-border\"><img loading=\"lazy\" decoding=\"async\" width=\"500\" height=\"500\" src=\"https:\/\/ciencia-medicina-biologia-molecular.clinicavaldai.com.br\/porto-alegre-rs-brasil\/wp-content\/uploads\/2026\/01\/img-biologia-molecular-valdai-genetica-500.jpg\" alt=\"\" class=\"wp-image-521\" style=\"border-radius:100%\" srcset=\"https:\/\/ciencia-medicina-biologia-molecular.clinicavaldai.com.br\/porto-alegre-rs-brasil\/wp-content\/uploads\/2026\/01\/img-biologia-molecular-valdai-genetica-500.jpg 500w, https:\/\/ciencia-medicina-biologia-molecular.clinicavaldai.com.br\/porto-alegre-rs-brasil\/wp-content\/uploads\/2026\/01\/img-biologia-molecular-valdai-genetica-500-300x300.jpg 300w, https:\/\/ciencia-medicina-biologia-molecular.clinicavaldai.com.br\/porto-alegre-rs-brasil\/wp-content\/uploads\/2026\/01\/img-biologia-molecular-valdai-genetica-500-150x150.jpg 150w\" sizes=\"auto, (max-width: 500px) 100vw, 500px\" \/><\/figure>\n\n\n\n<div class=\"wp-block-group is-content-justification-center is-nowrap is-layout-flex wp-container-core-group-is-layout-d8127cb4 wp-block-group-is-layout-flex\" style=\"margin-top:-40px;margin-bottom:0px\"><\/div>\n\n\n\n<h5 class=\"wp-block-heading has-text-align-center has-poppins-font-family\" style=\"margin-top:var(--wp--preset--spacing--small);margin-bottom:var(--wp--preset--spacing--xx-small);font-style:normal;font-weight:600;line-height:1.2\"><br>Disfun\u00e7\u00f5es <br>Gen\u00e9tica<\/h5>\n<\/div>\n<\/div>\n<\/div>\n\n\n\n<p><\/p>\n\n\n\n<figure class=\"wp-block-image aligncenter size-full is-resized\"><img loading=\"lazy\" decoding=\"async\" width=\"207\" height=\"51\" src=\"https:\/\/ciencia-medicina-biologia-molecular.clinicavaldai.com.br\/porto-alegre-rs-brasil\/wp-content\/uploads\/2026\/01\/fondocor.jpg\" alt=\"\" class=\"wp-image-556\" style=\"width:746px;height:auto\"\/><\/figure>\n\n\n\n<p><\/p>\n\n\n\n<p><\/p>\n\n\n\n<p><\/p>\n\n\n\n<p><\/p>\n\n\n\n<p><\/p>\n\n\n\n<p><\/p>\n\n\n\n<p><\/p>\n\n\n\n<p><\/p>\n\n\n\n<p><\/p>\n","protected":false},"excerpt":{"rendered":"<p>Pioneira na introdu\u00e7\u00e3o da Biologia Molecular no Rio Grande do Sul. BIOLOGIA MOLECULAR A Cl\u00ednica Dr. Jos\u00e9 Valda\u00ed de Souza trata o paciente com os Maiores Avan\u00e7os cient\u00edficos em Biologia Molecular, enfocando a preven\u00e7\u00e3o das doen\u00e7as como o passo mais importante da sa\u00fade, apresentando terapias de ponta. Os Maiores Avan\u00e7os cient\u00edficos em Biologia Molecular: Deten\u00e7\u00e3o [&hellip;]<\/p>\n","protected":false},"author":1,"featured_media":0,"parent":0,"menu_order":0,"comment_status":"closed","ping_status":"closed","template":"page-no-gap","meta":{"pagelayer_contact_templates":[],"_pagelayer_content":"","footnotes":""},"class_list":["post-301","page","type-page","status-publish","hentry"],"_links":{"self":[{"href":"https:\/\/ciencia-medicina-biologia-molecular.clinicavaldai.com.br\/porto-alegre-rs-brasil\/wp-json\/wp\/v2\/pages\/301","targetHints":{"allow":["GET"]}}],"collection":[{"href":"https:\/\/ciencia-medicina-biologia-molecular.clinicavaldai.com.br\/porto-alegre-rs-brasil\/wp-json\/wp\/v2\/pages"}],"about":[{"href":"https:\/\/ciencia-medicina-biologia-molecular.clinicavaldai.com.br\/porto-alegre-rs-brasil\/wp-json\/wp\/v2\/types\/page"}],"author":[{"embeddable":true,"href":"https:\/\/ciencia-medicina-biologia-molecular.clinicavaldai.com.br\/porto-alegre-rs-brasil\/wp-json\/wp\/v2\/users\/1"}],"replies":[{"embeddable":true,"href":"https:\/\/ciencia-medicina-biologia-molecular.clinicavaldai.com.br\/porto-alegre-rs-brasil\/wp-json\/wp\/v2\/comments?post=301"}],"version-history":[{"count":13,"href":"https:\/\/ciencia-medicina-biologia-molecular.clinicavaldai.com.br\/porto-alegre-rs-brasil\/wp-json\/wp\/v2\/pages\/301\/revisions"}],"predecessor-version":[{"id":557,"href":"https:\/\/ciencia-medicina-biologia-molecular.clinicavaldai.com.br\/porto-alegre-rs-brasil\/wp-json\/wp\/v2\/pages\/301\/revisions\/557"}],"wp:attachment":[{"href":"https:\/\/ciencia-medicina-biologia-molecular.clinicavaldai.com.br\/porto-alegre-rs-brasil\/wp-json\/wp\/v2\/media?parent=301"}],"curies":[{"name":"wp","href":"https:\/\/api.w.org\/{rel}","templated":true}]}}