{"id":154,"date":"2026-01-04T21:30:32","date_gmt":"2026-01-04T21:30:32","guid":{"rendered":"https:\/\/ciencia-medicina-biologia-molecular.clinicavaldai.com.br\/porto-alegre-rs-brasil\/?page_id=154"},"modified":"2026-02-11T00:49:43","modified_gmt":"2026-02-11T00:49:43","slug":"livros","status":"publish","type":"page","link":"https:\/\/ciencia-medicina-biologia-molecular.clinicavaldai.com.br\/porto-alegre-rs-brasil\/livros\/","title":{"rendered":"LIVROS"},"content":{"rendered":"\n<div class=\"wp-block-group alignfull has-global-padding is-layout-constrained wp-container-core-group-is-layout-ec50940b wp-block-group-is-layout-constrained\" style=\"margin-top:0;margin-bottom:0;padding-top:var(--wp--preset--spacing--xx-large);padding-right:var(--wp--preset--spacing--x-small);padding-bottom:var(--wp--preset--spacing--xx-large);padding-left:var(--wp--preset--spacing--x-small)\">\n<div class=\"wp-block-columns is-layout-flex wp-container-core-columns-is-layout-9859d175 wp-block-columns-is-layout-flex\">\n<div class=\"wp-block-column is-layout-flow wp-container-core-column-is-layout-8a368f38 wp-block-column-is-layout-flow\" style=\"flex-basis:56%\">\n<figure class=\"wp-block-image size-full has-custom-border is-style-rounded\"><img loading=\"lazy\" decoding=\"async\" width=\"690\" height=\"698\" src=\"https:\/\/ciencia-medicina-biologia-molecular.clinicavaldai.com.br\/porto-alegre-rs-brasil\/wp-content\/uploads\/2026\/01\/livro-medicina-molecular-valdai.jpg\" alt=\"\" class=\"wp-image-391\" style=\"border-top-left-radius:28px;border-top-right-radius:28px;border-bottom-left-radius:28px;border-bottom-right-radius:28px\" srcset=\"https:\/\/ciencia-medicina-biologia-molecular.clinicavaldai.com.br\/porto-alegre-rs-brasil\/wp-content\/uploads\/2026\/01\/livro-medicina-molecular-valdai.jpg 690w, https:\/\/ciencia-medicina-biologia-molecular.clinicavaldai.com.br\/porto-alegre-rs-brasil\/wp-content\/uploads\/2026\/01\/livro-medicina-molecular-valdai-297x300.jpg 297w\" sizes=\"auto, (max-width: 690px) 100vw, 690px\" \/><\/figure>\n<\/div>\n\n\n\n<div class=\"wp-block-column is-vertically-aligned-center is-layout-flow wp-block-column-is-layout-flow\" style=\"flex-basis:44%\">\n<div class=\"wp-block-group is-nowrap is-layout-flex wp-container-core-group-is-layout-dae6801e wp-block-group-is-layout-flex\" style=\"margin-bottom:var(--wp--preset--spacing--x-small)\">\n<hr class=\"wp-block-separator has-text-color has-highlight-color has-alpha-channel-opacity has-highlight-background-color has-background is-style-wide wp-container-content-e1bb55cb\"\/>\n\n\n\n<h6 class=\"wp-block-heading has-highlight-color has-text-color has-link-color has-poppins-font-family has-x-small-font-size wp-elements-a40caef212731dcc9f3d941d886783bb\" style=\"font-style:normal;font-weight:600\">Autor: Dr. Jos\u00e9 Valda\u00ed de Souza<\/h6>\n<\/div>\n\n\n\n<h4 class=\"wp-block-heading has-poppins-font-family\" style=\"font-style:normal;font-weight:700\">Medicina Molecular<\/h4>\n\n\n\n<p class=\"has-text-align-left has-poppins-font-family has-small-font-size\" style=\"margin-top:var(--wp--preset--spacing--x-small);margin-bottom:var(--wp--preset--spacing--medium)\"><strong>Sinopse:<\/strong><br>A medicina Molecular \u00e9 um dos mais novos campos da ci\u00eancia m\u00e9dica, que estuda a MOL\u00c9CULA.<br>O conhecimento dos mecanismos<br>de controle da mol\u00e9cula \u00e9 a chave para<br>o funcionamento normal do corpo humano.<br><br>Para usufruir da velocidade do avan\u00e7o tecnol\u00f3gico, saber os caminhos a trilhar na busca de solu\u00e7\u00f5es para preven\u00e7\u00e3o e tratamento de doen\u00e7as, saber a dose certa de exerc\u00edcios ou dietas, ter\u00edamos que consultar m\u00faltiplas fontes. <br><br>O livro foi criado para levar a sa\u00fade ao alcance de todos, informa\u00e7\u00f5es objetivas aos leitores que possam ajud\u00e1-los a ter melhor qualidade de vida.<\/p>\n\n\n\n<p class=\"has-text-align-left has-poppins-font-family has-small-font-size\" style=\"margin-top:var(--wp--preset--spacing--x-small);margin-bottom:var(--wp--preset--spacing--medium)\">P\u00e1ginas: 244<br>Ano: 2003<br>Idioma: Portugu\u00eas<\/p>\n\n\n\n<div class=\"wp-block-group has-border-color has-global-padding is-layout-constrained wp-container-core-group-is-layout-a99a8967 wp-block-group-is-layout-constrained\" style=\"border-color:#d6dadd;border-width:1px;border-radius:30px;padding-top:var(--wp--preset--spacing--small);padding-right:var(--wp--preset--spacing--large);padding-bottom:var(--wp--preset--spacing--small);padding-left:var(--wp--preset--spacing--large)\">\n<h6 class=\"wp-block-heading has-text-align-center has-poppins-font-family\" style=\"font-style:normal;font-weight:600;line-height:1.2\">Este livro est\u00e1 dispon\u00edvel diretamente com o autor<\/h6>\n\n\n\n<figure class=\"wp-block-image aligncenter size-full is-resized\"><a href=\"https:\/\/ciencia-medicina-biologia-molecular.clinicavaldai.com.br\/porto-alegre-rs-brasil\/fale-conosco\/\"><img loading=\"lazy\" decoding=\"async\" width=\"382\" height=\"102\" src=\"https:\/\/ciencia-medicina-biologia-molecular.clinicavaldai.com.br\/porto-alegre-rs-brasil\/wp-content\/uploads\/2026\/01\/logo-clinica-dr-jose-valdai-de-souza-2.jpg\" alt=\"\" class=\"wp-image-238\" style=\"aspect-ratio:3.745363617420296;width:232px;height:auto\" srcset=\"https:\/\/ciencia-medicina-biologia-molecular.clinicavaldai.com.br\/porto-alegre-rs-brasil\/wp-content\/uploads\/2026\/01\/logo-clinica-dr-jose-valdai-de-souza-2.jpg 382w, https:\/\/ciencia-medicina-biologia-molecular.clinicavaldai.com.br\/porto-alegre-rs-brasil\/wp-content\/uploads\/2026\/01\/logo-clinica-dr-jose-valdai-de-souza-2-300x80.jpg 300w\" sizes=\"auto, (max-width: 382px) 100vw, 382px\" \/><\/a><\/figure>\n<\/div>\n<\/div>\n<\/div>\n<\/div>\n\n\n\n<div class=\"wp-block-group alignfull has-global-padding is-layout-constrained wp-container-core-group-is-layout-ec50940b wp-block-group-is-layout-constrained\" style=\"margin-top:0;margin-bottom:0;padding-top:var(--wp--preset--spacing--xx-large);padding-right:var(--wp--preset--spacing--x-small);padding-bottom:var(--wp--preset--spacing--xx-large);padding-left:var(--wp--preset--spacing--x-small)\">\n<div class=\"wp-block-columns is-layout-flex wp-container-core-columns-is-layout-9859d175 wp-block-columns-is-layout-flex\">\n<div class=\"wp-block-column is-layout-flow wp-container-core-column-is-layout-8a368f38 wp-block-column-is-layout-flow\" style=\"flex-basis:56%\">\n<figure class=\"wp-block-image aligncenter size-full has-custom-border is-style-rounded\"><img loading=\"lazy\" decoding=\"async\" width=\"353\" height=\"507\" src=\"https:\/\/ciencia-medicina-biologia-molecular.clinicavaldai.com.br\/porto-alegre-rs-brasil\/wp-content\/uploads\/2026\/01\/livro-a-ponte-valdai.jpg\" alt=\"\" class=\"wp-image-352\" style=\"border-top-left-radius:28px;border-top-right-radius:28px;border-bottom-left-radius:28px;border-bottom-right-radius:28px\" srcset=\"https:\/\/ciencia-medicina-biologia-molecular.clinicavaldai.com.br\/porto-alegre-rs-brasil\/wp-content\/uploads\/2026\/01\/livro-a-ponte-valdai.jpg 353w, https:\/\/ciencia-medicina-biologia-molecular.clinicavaldai.com.br\/porto-alegre-rs-brasil\/wp-content\/uploads\/2026\/01\/livro-a-ponte-valdai-209x300.jpg 209w\" sizes=\"auto, (max-width: 353px) 100vw, 353px\" \/><\/figure>\n<\/div>\n\n\n\n<div class=\"wp-block-column is-vertically-aligned-center is-layout-flow wp-block-column-is-layout-flow\" style=\"flex-basis:44%\">\n<div class=\"wp-block-group is-nowrap is-layout-flex wp-container-core-group-is-layout-dae6801e wp-block-group-is-layout-flex\" style=\"margin-bottom:var(--wp--preset--spacing--x-small)\">\n<hr class=\"wp-block-separator has-text-color has-highlight-color has-alpha-channel-opacity has-highlight-background-color has-background is-style-wide wp-container-content-e1bb55cb\"\/>\n\n\n\n<h6 class=\"wp-block-heading has-highlight-color has-text-color has-link-color has-poppins-font-family has-x-small-font-size wp-elements-a40caef212731dcc9f3d941d886783bb\" style=\"font-style:normal;font-weight:600\">Autor: Dr. Jos\u00e9 Valda\u00ed de Souza<\/h6>\n<\/div>\n\n\n\n<h5 class=\"wp-block-heading has-poppins-font-family\" style=\"font-style:normal;font-weight:700\">A Ponte<br>Ligando o Passado ao Presente<\/h5>\n\n\n\n<p class=\"has-text-align-left has-poppins-font-family has-small-font-size\" style=\"margin-top:var(--wp--preset--spacing--x-small);margin-bottom:var(--wp--preset--spacing--medium)\"><strong>Sinopse:<\/strong><br>Esta obra foi escrita com a finalidade de rever os artigos publicados pelo autor e m\u00e9dico Jos\u00e9 Valda\u00ed de Souza, desde 1974, em revistas, jornais e livros.<\/p>\n\n\n\n<p>Uma esp\u00e9cie de Antropologia Liter\u00e1ria cujos conte\u00fados discorrem sobre v\u00e1rios assuntos do nosso dia a dia, versando sobre pesquisas, medicina, avan\u00e7os na \u00e1rea de terapias e novas descobertas sobre biologia molecular, com poss\u00edveis aplica\u00e7\u00f5es na sa\u00fade e bem-estar social.<\/p>\n\n\n\n<p>Neste est\u00e3o presentes tamb\u00e9m alguns artigos sobre momentos pol\u00edticos, alimentos saud\u00e1veis e perspectivas<br>para o futuro do homem e do meio ambiente.<\/p>\n\n\n\n<p>Resumindo, a trajet\u00f3ria do autor desde 1974 at\u00e9 os dias atuais, em 2023.<\/p>\n\n\n\n<p class=\"has-text-align-left has-poppins-font-family has-small-font-size\" style=\"margin-top:var(--wp--preset--spacing--x-small);margin-bottom:var(--wp--preset--spacing--medium)\">Por isso, o t\u00edtulo da obra, A PONTE \u2013 Ligando o Passado ao Presente.<\/p>\n\n\n\n<p class=\"has-text-align-left has-poppins-font-family has-small-font-size\" style=\"margin-top:var(--wp--preset--spacing--x-small);margin-bottom:var(--wp--preset--spacing--medium)\">Ano: 2023<br>P\u00e1ginas: 100<br>Idioma: Portugu\u00eas<\/p>\n\n\n\n<div class=\"wp-block-group has-border-color has-global-padding is-layout-constrained wp-container-core-group-is-layout-a99a8967 wp-block-group-is-layout-constrained\" style=\"border-color:#d6dadd;border-width:1px;border-radius:30px;padding-top:var(--wp--preset--spacing--small);padding-right:var(--wp--preset--spacing--large);padding-bottom:var(--wp--preset--spacing--small);padding-left:var(--wp--preset--spacing--large)\">\n<h6 class=\"wp-block-heading has-text-align-center has-poppins-font-family\" style=\"font-style:normal;font-weight:600;line-height:1.2\">Este livro pode estar \u00e0 venda em:<\/h6>\n\n\n\n<figure class=\"wp-block-image aligncenter size-full is-resized\"><a href=\"https:\/\/www.editoraalcance.com.br\/shop\/autores\/jose-valdai-de-souza\/a-ponte-ligando-o-passado-ao-presente\/\" target=\"_blank\" rel=\" noreferrer noopener\"><img loading=\"lazy\" decoding=\"async\" width=\"184\" height=\"92\" src=\"https:\/\/ciencia-medicina-biologia-molecular.clinicavaldai.com.br\/porto-alegre-rs-brasil\/wp-content\/uploads\/2026\/01\/editora-alcance.jpg\" alt=\"\" class=\"wp-image-412\" style=\"aspect-ratio:3.745363617420296;width:156px;height:auto\"\/><\/a><\/figure>\n\n\n\n<figure class=\"wp-block-image aligncenter size-full is-resized\"><a href=\"https:\/\/play.google.com\/store\/books\/details\/Dr_Jos%C3%A9_Valda%C3%AD_De_Souza_A_Ponte?id=cVToEAAAQBAJ&amp;pli=1\" target=\"_blank\" rel=\" noreferrer noopener\"><img loading=\"lazy\" decoding=\"async\" width=\"189\" height=\"49\" src=\"https:\/\/ciencia-medicina-biologia-molecular.clinicavaldai.com.br\/porto-alegre-rs-brasil\/wp-content\/uploads\/2026\/01\/e-book-2.jpg\" alt=\"\" class=\"wp-image-424\" style=\"aspect-ratio:3.745363617420296;width:144px;height:auto\"\/><\/a><\/figure>\n\n\n\n<figure class=\"wp-block-image aligncenter size-full is-resized\"><a href=\"https:\/\/www.amazon.com.br\/Ponte-Dr-Jos%C3%A9-Valda%C3%AD-Souza-ebook\/dp\/B0CPDKTCK9\" target=\"_blank\" rel=\" noreferrer noopener\"><img loading=\"lazy\" decoding=\"async\" width=\"170\" height=\"49\" src=\"https:\/\/ciencia-medicina-biologia-molecular.clinicavaldai.com.br\/porto-alegre-rs-brasil\/wp-content\/uploads\/2026\/01\/e-book-1.jpg\" alt=\"\" class=\"wp-image-423\" style=\"aspect-ratio:3.745363617420296;width:149px;height:auto\"\/><\/a><\/figure>\n\n\n\n<figure class=\"wp-block-image aligncenter size-full is-resized\"><a href=\"https:\/\/clubedeautores.com.br\/livro\/a-ponte-5\" target=\"_blank\" rel=\" noreferrer noopener\"><img loading=\"lazy\" decoding=\"async\" width=\"134\" height=\"49\" src=\"https:\/\/ciencia-medicina-biologia-molecular.clinicavaldai.com.br\/porto-alegre-rs-brasil\/wp-content\/uploads\/2026\/01\/e-book-3.jpg\" alt=\"\" class=\"wp-image-425\" style=\"aspect-ratio:3.745363617420296;width:159px;height:auto\"\/><\/a><\/figure>\n\n\n\n<figure class=\"wp-block-image aligncenter size-full is-resized\"><a href=\"https:\/\/www.kobo.com\/br\/pt\/ebook\/a-ponte-ligando-o-passado-ao-presente?sId=45b2067f-117d-4798-885c-4c39d29487f2&amp;ssId=IuOD4KBcWC0gLFYE4mtGW&amp;cPos=1\" target=\"_blank\" rel=\" noreferrer noopener\"><img loading=\"lazy\" decoding=\"async\" width=\"235\" height=\"49\" src=\"https:\/\/ciencia-medicina-biologia-molecular.clinicavaldai.com.br\/porto-alegre-rs-brasil\/wp-content\/uploads\/2026\/01\/e-book-4.jpg\" alt=\"\" class=\"wp-image-426\" style=\"aspect-ratio:3.745363617420296;width:150px;height:auto\"\/><\/a><\/figure>\n\n\n\n<figure class=\"wp-block-image aligncenter size-full is-resized\"><a href=\"https:\/\/www.estantevirtual.com.br\/livro\/a-ponte-ligando-o-passado-ao-presente-FU8-5104-000-BK\" target=\"_blank\" rel=\" noreferrer noopener\"><img loading=\"lazy\" decoding=\"async\" width=\"128\" height=\"49\" src=\"https:\/\/ciencia-medicina-biologia-molecular.clinicavaldai.com.br\/porto-alegre-rs-brasil\/wp-content\/uploads\/2026\/01\/e-book-5.jpg\" alt=\"\" class=\"wp-image-427\" style=\"aspect-ratio:3.745363617420296;width:155px;height:auto\"\/><\/a><\/figure>\n<\/div>\n<\/div>\n<\/div>\n\n\n<\/div>\n\n\n\n<div class=\"wp-block-group alignfull has-global-padding is-layout-constrained wp-container-core-group-is-layout-ec50940b wp-block-group-is-layout-constrained\" style=\"margin-top:0;margin-bottom:0;padding-top:var(--wp--preset--spacing--xx-large);padding-right:var(--wp--preset--spacing--x-small);padding-bottom:var(--wp--preset--spacing--xx-large);padding-left:var(--wp--preset--spacing--x-small)\">\n<div class=\"wp-block-columns is-layout-flex wp-container-core-columns-is-layout-9859d175 wp-block-columns-is-layout-flex\">\n<div class=\"wp-block-column is-layout-flow wp-container-core-column-is-layout-8a368f38 wp-block-column-is-layout-flow\" style=\"flex-basis:56%\">\n<figure class=\"wp-block-image aligncenter size-full has-custom-border is-style-rounded\"><img loading=\"lazy\" decoding=\"async\" width=\"422\" height=\"636\" src=\"https:\/\/ciencia-medicina-biologia-molecular.clinicavaldai.com.br\/porto-alegre-rs-brasil\/wp-content\/uploads\/2026\/01\/livro-viajando-pelo-imperio-mongol-valdai.jpg\" alt=\"\" class=\"wp-image-353\" style=\"border-top-left-radius:28px;border-top-right-radius:28px;border-bottom-left-radius:28px;border-bottom-right-radius:28px\" srcset=\"https:\/\/ciencia-medicina-biologia-molecular.clinicavaldai.com.br\/porto-alegre-rs-brasil\/wp-content\/uploads\/2026\/01\/livro-viajando-pelo-imperio-mongol-valdai.jpg 422w, https:\/\/ciencia-medicina-biologia-molecular.clinicavaldai.com.br\/porto-alegre-rs-brasil\/wp-content\/uploads\/2026\/01\/livro-viajando-pelo-imperio-mongol-valdai-199x300.jpg 199w\" sizes=\"auto, (max-width: 422px) 100vw, 422px\" \/><\/figure>\n<\/div>\n\n\n\n<div class=\"wp-block-column is-vertically-aligned-center is-layout-flow wp-block-column-is-layout-flow\" style=\"flex-basis:44%\">\n<div class=\"wp-block-group is-nowrap is-layout-flex wp-container-core-group-is-layout-dae6801e wp-block-group-is-layout-flex\" style=\"margin-bottom:var(--wp--preset--spacing--x-small)\">\n<hr class=\"wp-block-separator has-text-color has-highlight-color has-alpha-channel-opacity has-highlight-background-color has-background is-style-wide wp-container-content-e1bb55cb\"\/>\n\n\n\n<h6 class=\"wp-block-heading has-highlight-color has-text-color has-link-color has-poppins-font-family has-x-small-font-size wp-elements-a40caef212731dcc9f3d941d886783bb\" style=\"font-style:normal;font-weight:600\">Autor: Dr. Jos\u00e9 Valda\u00ed de Souza<\/h6>\n<\/div>\n\n\n\n<h4 class=\"wp-block-heading has-poppins-font-family\" style=\"font-style:normal;font-weight:700\">Viajando Pelo Imp\u00e9rio Mongol<\/h4>\n\n\n\n<p class=\"has-text-align-left has-poppins-font-family has-small-font-size\" style=\"margin-top:var(--wp--preset--spacing--x-small);margin-bottom:var(--wp--preset--spacing--medium)\"><strong>Sinopse:<\/strong><br>Viajar pelo mundo tem sido o desejo incans\u00e1vel do ser humano.<br>A grande maioria estanca no sonho.<br>Jos\u00e9 Valda\u00ed, reconhecido m\u00e9dico, deixa a todos n\u00f3s encantados com seu esp\u00edrito ventureiro.<br>Desbravar novos velhos mundos n\u00e3o foi uma decis\u00e3o s\u00fabita, do dia para a noite.<br>Por seis longos anos preparou-se f\u00edsica, emocional e intelectualmente.<br>Sabia que teria de vencer dias no Deserto de Gobi ou o rigor das nevascas siberianas.<br>Sessenta dias de caminhos, os mais \u00edngremes e os mais belos.<br>De um roteiro realizado exclusivamente para ele, nascem hist\u00f3rias incr\u00edveis vivenciadas no Continente Asi\u00e1tico,<br>destacando os imp\u00e9rios Mongol (China) e Mughal (\u00cdndia). Deixou pegadas por onde lutou o lend\u00e1rio Gengis Khan;<br>cruzou territ\u00f3rios, estradas infindas como a transiberiana e a transmong\u00f3lia e conheceu Taj Mahal.<br>Da China, \u00cdndia e R\u00fassia trouxe no cora\u00e7\u00e3o aprendizagens de culturas e povos que somente homens iluminados<br>conseguem armazenar como rel\u00edquias aos olhos e ao cora\u00e7\u00e3o.<br>Em Viajando pelo Imp\u00e9rio Mongol, o Dr. Jos\u00e9 Valda\u00ed nos presenteia com ricos textos e fotos que se somam para deleite de nossos olhos e sonhos.<\/p>\n\n\n\n<p class=\"has-text-align-left has-poppins-font-family has-small-font-size\" style=\"margin-top:var(--wp--preset--spacing--x-small);margin-bottom:var(--wp--preset--spacing--medium)\">P\u00e1ginas: 240<br>Acompanha CD<br>Ano: 2014<br>Idioma: Portugu\u00eas<\/p>\n\n\n\n<div class=\"wp-block-group has-border-color has-global-padding is-layout-constrained wp-container-core-group-is-layout-a99a8967 wp-block-group-is-layout-constrained\" style=\"border-color:#d6dadd;border-width:1px;border-radius:30px;padding-top:var(--wp--preset--spacing--small);padding-right:var(--wp--preset--spacing--large);padding-bottom:var(--wp--preset--spacing--small);padding-left:var(--wp--preset--spacing--large)\">\n<h6 class=\"wp-block-heading has-text-align-center has-poppins-font-family\" style=\"font-style:normal;font-weight:600;line-height:1.2\">Este livro est\u00e1 dispon\u00edvel diretamente com o autor e Editora<\/h6>\n\n\n\n<figure class=\"wp-block-image aligncenter size-full is-resized\"><a href=\"https:\/\/ciencia-medicina-biologia-molecular.clinicavaldai.com.br\/porto-alegre-rs-brasil\/fale-conosco\/\"><img loading=\"lazy\" decoding=\"async\" width=\"382\" height=\"102\" src=\"https:\/\/ciencia-medicina-biologia-molecular.clinicavaldai.com.br\/porto-alegre-rs-brasil\/wp-content\/uploads\/2026\/01\/logo-clinica-dr-jose-valdai-de-souza-2.jpg\" alt=\"\" class=\"wp-image-238\" style=\"aspect-ratio:3.745363617420296;width:232px;height:auto\" srcset=\"https:\/\/ciencia-medicina-biologia-molecular.clinicavaldai.com.br\/porto-alegre-rs-brasil\/wp-content\/uploads\/2026\/01\/logo-clinica-dr-jose-valdai-de-souza-2.jpg 382w, https:\/\/ciencia-medicina-biologia-molecular.clinicavaldai.com.br\/porto-alegre-rs-brasil\/wp-content\/uploads\/2026\/01\/logo-clinica-dr-jose-valdai-de-souza-2-300x80.jpg 300w\" sizes=\"auto, (max-width: 382px) 100vw, 382px\" \/><\/a><\/figure>\n\n\n\n<figure class=\"wp-block-image aligncenter size-full is-resized\"><a href=\"https:\/\/www.editoraalcance.com.br\/shop\/autores\/jose-valdai-de-souza\/viajando-pelo-imperio-mongol\/\" target=\"_blank\" rel=\" noreferrer noopener\"><img loading=\"lazy\" decoding=\"async\" width=\"184\" height=\"92\" src=\"https:\/\/ciencia-medicina-biologia-molecular.clinicavaldai.com.br\/porto-alegre-rs-brasil\/wp-content\/uploads\/2026\/01\/editora-alcance.jpg\" alt=\"\" class=\"wp-image-412\" style=\"aspect-ratio:3.745363617420296;width:207px;height:auto\"\/><\/a><\/figure>\n<\/div>\n<\/div>\n<\/div>\n\n\n\n\n\n<p class=\"has-text-align-center\">Jos\u00e9 Valda\u00ed de Souza na feira do livro de Porto Alegre apresentando &#8220;Viajando Pelo Imp\u00e9rio Mongol&#8221;<\/p>\n<\/div>\n\n\n\n<p><\/p>\n","protected":false},"excerpt":{"rendered":"<p>Autor: Dr. Jos\u00e9 Valda\u00ed de Souza Medicina Molecular Sinopse:A medicina Molecular \u00e9 um dos mais novos campos da ci\u00eancia m\u00e9dica, que estuda a MOL\u00c9CULA.O conhecimento dos mecanismosde controle da mol\u00e9cula \u00e9 a chave parao funcionamento normal do corpo humano. Para usufruir da velocidade do avan\u00e7o tecnol\u00f3gico, saber os caminhos a trilhar na busca de solu\u00e7\u00f5es [&hellip;]<\/p>\n","protected":false},"author":1,"featured_media":0,"parent":0,"menu_order":0,"comment_status":"closed","ping_status":"closed","template":"page-no-gap","meta":{"pagelayer_contact_templates":[],"_pagelayer_content":"","footnotes":""},"class_list":["post-154","page","type-page","status-publish","hentry"],"_links":{"self":[{"href":"https:\/\/ciencia-medicina-biologia-molecular.clinicavaldai.com.br\/porto-alegre-rs-brasil\/wp-json\/wp\/v2\/pages\/154","targetHints":{"allow":["GET"]}}],"collection":[{"href":"https:\/\/ciencia-medicina-biologia-molecular.clinicavaldai.com.br\/porto-alegre-rs-brasil\/wp-json\/wp\/v2\/pages"}],"about":[{"href":"https:\/\/ciencia-medicina-biologia-molecular.clinicavaldai.com.br\/porto-alegre-rs-brasil\/wp-json\/wp\/v2\/types\/page"}],"author":[{"embeddable":true,"href":"https:\/\/ciencia-medicina-biologia-molecular.clinicavaldai.com.br\/porto-alegre-rs-brasil\/wp-json\/wp\/v2\/users\/1"}],"replies":[{"embeddable":true,"href":"https:\/\/ciencia-medicina-biologia-molecular.clinicavaldai.com.br\/porto-alegre-rs-brasil\/wp-json\/wp\/v2\/comments?post=154"}],"version-history":[{"count":41,"href":"https:\/\/ciencia-medicina-biologia-molecular.clinicavaldai.com.br\/porto-alegre-rs-brasil\/wp-json\/wp\/v2\/pages\/154\/revisions"}],"predecessor-version":[{"id":629,"href":"https:\/\/ciencia-medicina-biologia-molecular.clinicavaldai.com.br\/porto-alegre-rs-brasil\/wp-json\/wp\/v2\/pages\/154\/revisions\/629"}],"wp:attachment":[{"href":"https:\/\/ciencia-medicina-biologia-molecular.clinicavaldai.com.br\/porto-alegre-rs-brasil\/wp-json\/wp\/v2\/media?parent=154"}],"curies":[{"name":"wp","href":"https:\/\/api.w.org\/{rel}","templated":true}]}}