{"id":152,"date":"2026-01-04T21:29:50","date_gmt":"2026-01-04T21:29:50","guid":{"rendered":"https:\/\/ciencia-medicina-biologia-molecular.clinicavaldai.com.br\/porto-alegre-rs-brasil\/?page_id=152"},"modified":"2026-01-09T11:34:56","modified_gmt":"2026-01-09T11:34:56","slug":"clinica","status":"publish","type":"page","link":"https:\/\/ciencia-medicina-biologia-molecular.clinicavaldai.com.br\/porto-alegre-rs-brasil\/clinica\/","title":{"rendered":"CL\u00ccNICA"},"content":{"rendered":"\n<div class=\"wp-block-group has-global-padding is-layout-constrained wp-container-core-group-is-layout-429943f4 wp-block-group-is-layout-constrained\" style=\"padding-top:var(--wp--preset--spacing--xx-large);padding-right:var(--wp--preset--spacing--x-small);padding-bottom:var(--wp--preset--spacing--xx-large);padding-left:var(--wp--preset--spacing--x-small)\">\n<div class=\"wp-block-group alignfull has-global-padding is-layout-constrained wp-container-core-group-is-layout-19de00cd wp-block-group-is-layout-constrained\" style=\"margin-top:0;margin-bottom:0\">\n<div class=\"wp-block-columns is-layout-flex wp-container-core-columns-is-layout-437095ab wp-block-columns-is-layout-flex\" style=\"margin-top:0;padding-top:var(--wp--preset--spacing--x-small)\">\n<div class=\"wp-block-column is-layout-flow wp-container-core-column-is-layout-c7b3064f wp-block-column-is-layout-flow\">\n<div class=\"wp-block-group is-nowrap is-layout-flex wp-container-core-group-is-layout-dae6801e wp-block-group-is-layout-flex\" style=\"margin-bottom:var(--wp--preset--spacing--x-small)\">\n<hr class=\"wp-block-separator has-text-color has-highlight-color has-alpha-channel-opacity has-highlight-background-color has-background is-style-wide wp-container-content-e1bb55cb\"\/>\n\n\n\n<h6 class=\"wp-block-heading has-highlight-color has-text-color has-link-color has-poppins-font-family has-x-small-font-size wp-elements-ed7f2e43bbd855018a0e02a9fe13199a\" style=\"font-style:normal;font-weight:600\">Desde 1987<\/h6>\n<\/div>\n\n\n\n<h3 class=\"wp-block-heading has-poppins-font-family\" style=\"font-style:normal;font-weight:700\">Cl\u00ednica Dr. Jos\u00e9 Valda\u00ed de Souza<\/h3>\n\n\n\n<p class=\"has-text-align-left has-poppins-font-family has-small-font-size\">Com um corpo cl\u00ednico formado por profissionais experientes e constantemente atualizados,<br>a cl\u00ednica Jos\u00e9 Valda\u00ed de Souza possui recursos e equipamentos de \u00faltima gera\u00e7\u00e3o,<br>o que permite oferecer o tratamento ideal na preserva\u00e7\u00e3o da sa\u00fade e qualidade de vida de seus pacientes.<\/p>\n<\/div>\n<\/div>\n\n\n\n<div class=\"wp-block-columns is-layout-flex wp-container-core-columns-is-layout-0bc9eb4b wp-block-columns-is-layout-flex\" style=\"margin-bottom:0;padding-bottom:var(--wp--preset--spacing--small)\">\n<div class=\"wp-block-column is-layout-flow wp-block-column-is-layout-flow\" style=\"flex-basis:60%\">\n<figure class=\"wp-block-image aligncenter size-full is-resized has-custom-border\"><img loading=\"lazy\" decoding=\"async\" width=\"883\" height=\"1377\" src=\"https:\/\/ciencia-medicina-biologia-molecular.clinicavaldai.com.br\/porto-alegre-rs-brasil\/wp-content\/uploads\/2026\/01\/dr-jose-valdai-de-souza.jpeg\" alt=\"\" class=\"wp-image-209\" style=\"border-radius:30px;aspect-ratio:0.6412583886108848;width:284px;height:auto\" srcset=\"https:\/\/ciencia-medicina-biologia-molecular.clinicavaldai.com.br\/porto-alegre-rs-brasil\/wp-content\/uploads\/2026\/01\/dr-jose-valdai-de-souza.jpeg 883w, https:\/\/ciencia-medicina-biologia-molecular.clinicavaldai.com.br\/porto-alegre-rs-brasil\/wp-content\/uploads\/2026\/01\/dr-jose-valdai-de-souza-192x300.jpeg 192w, https:\/\/ciencia-medicina-biologia-molecular.clinicavaldai.com.br\/porto-alegre-rs-brasil\/wp-content\/uploads\/2026\/01\/dr-jose-valdai-de-souza-657x1024.jpeg 657w, https:\/\/ciencia-medicina-biologia-molecular.clinicavaldai.com.br\/porto-alegre-rs-brasil\/wp-content\/uploads\/2026\/01\/dr-jose-valdai-de-souza-768x1198.jpeg 768w\" sizes=\"auto, (max-width: 883px) 100vw, 883px\" \/><\/figure>\n<\/div>\n\n\n\n<div class=\"wp-block-column is-vertically-aligned-center is-layout-flow wp-container-core-column-is-layout-360d14ef wp-block-column-is-layout-flow\" style=\"flex-basis:88%\">\n<div class=\"wp-block-group is-nowrap is-layout-flex wp-container-core-group-is-layout-1b11d160 wp-block-group-is-layout-flex\">\n<div class=\"wp-block-group has-global-padding is-layout-constrained wp-container-core-group-is-layout-c40a8074 wp-block-group-is-layout-constrained\">\n<h5 class=\"wp-block-heading has-poppins-font-family\" style=\"font-style:normal;font-weight:600;line-height:1.1\">M\u00e9dico experiente cuidando da sua sa\u00fade<br><\/h5>\n\n\n\n<p class=\"has-poppins-font-family\">O Dr. Jos\u00e9 Valda\u00ed de Souza \u00e9 um m\u00e9dico dedicado,<br>de forma\u00e7\u00e3o especializada, com alto n\u00edvel de conhecimento<br>e experi\u00eancia cl\u00ednica acumulado ao longo dos anos.<\/p>\n\n\n\n<p class=\"has-poppins-font-family\"><br>Ele cuida de cada paciente com compaix\u00e3o, dedica\u00e7\u00e3o e inova\u00e7\u00e3o, <br>para melhorar a sua sa\u00fade o seu bem-estar e estilo de vida.<\/p>\n\n\n\n<p class=\"has-poppins-font-family\"><br>O Dr. Jos\u00e9 Valda\u00ed de Souza \u00e9 natural de Triunfo, Rio Grande do Sul, <br>e vive h\u00e1 muito tempo em Porto Alegre.<br><br>Graduou-se em 1974, pela Funda\u00e7\u00e3o Faculdade Cat\u00f3lica de Medicina <br>de Porto Alegre-RS, sendo especialista em Cirurgia Geral e Biologia Molecular.<br><br>Em ampla e bem localizada sede, a Cl\u00ednica Dr. Jose Valda\u00ed de Souza <br>atende na \u00e1rea de medicina molecular com destaque<br>e reconhecimento desde 1987.<\/p>\n<\/div>\n<\/div>\n\n\n\n<div class=\"wp-block-group is-nowrap is-layout-flex wp-container-core-group-is-layout-1b11d160 wp-block-group-is-layout-flex\">\n<div class=\"wp-block-group has-global-padding is-layout-constrained wp-container-core-group-is-layout-c40a8074 wp-block-group-is-layout-constrained\"><\/div>\n<\/div>\n\n\n\n<div class=\"wp-block-group is-nowrap is-layout-flex wp-container-core-group-is-layout-1b11d160 wp-block-group-is-layout-flex\">\n<div class=\"wp-block-group has-global-padding is-layout-constrained wp-container-core-group-is-layout-c40a8074 wp-block-group-is-layout-constrained\"><\/div>\n<\/div>\n<\/div>\n<\/div>\n\n\n\n<div class=\"wp-block-group has-global-padding is-layout-constrained wp-container-core-group-is-layout-23cc8a20 wp-block-group-is-layout-constrained\">\n<div class=\"wp-block-group is-content-justification-center is-nowrap is-layout-flex wp-container-core-group-is-layout-23441af8 wp-block-group-is-layout-flex\">\n<hr class=\"wp-block-separator has-text-color has-outline-color has-alpha-channel-opacity has-outline-background-color has-background\"\/>\n\n\n\n<p class=\"has-text-align-center has-poppins-font-family has-large-font-size\" style=\"font-style:normal;font-weight:600;line-height:1.3\">Cl\u00ednica avan\u00e7ada em ci\u00eancia da medicina molecular desde 1987<\/p>\n\n\n\n<hr class=\"wp-block-separator has-text-color has-outline-color has-alpha-channel-opacity has-outline-background-color has-background\"\/>\n<\/div>\n\n\n\n<div class=\"wp-block-columns is-layout-flex wp-container-core-columns-is-layout-318252f0 wp-block-columns-is-layout-flex\">\n<div class=\"wp-block-column is-layout-flow wp-block-column-is-layout-flow\">\n<div class=\"wp-block-group is-content-justification-center is-layout-flex wp-container-core-group-is-layout-132f66e4 wp-block-group-is-layout-flex\">\n<div class=\"wp-block-group has-border-color has-outline-border-color wp-container-content-9cfa9a5a has-global-padding is-layout-constrained wp-container-core-group-is-layout-9a4c8acf wp-block-group-is-layout-constrained\" style=\"border-width:1px;border-radius:10px;padding-top:var(--wp--preset--spacing--small);padding-right:var(--wp--preset--spacing--small);padding-bottom:var(--wp--preset--spacing--small);padding-left:var(--wp--preset--spacing--small)\">\n<h4 class=\"wp-block-heading has-text-align-center has-poppins-font-family\" style=\"font-style:normal;font-weight:700\">Refer\u00eancia Nacional<\/h4>\n\n\n\n<p class=\"has-text-align-center has-poppins-font-family\" style=\"font-style:normal;font-weight:600;line-height:1.3\">Pioneiro na introdu\u00e7\u00e3o da <br>biologia molecular em<br>Porto Alegre \/ RS \u2013 Brasil.<\/p>\n<\/div>\n\n\n\n<div class=\"wp-block-group has-border-color has-outline-border-color wp-container-content-9cfa9a5a has-global-padding is-layout-constrained wp-container-core-group-is-layout-9a4c8acf wp-block-group-is-layout-constrained\" style=\"border-width:1px;border-radius:10px;padding-top:var(--wp--preset--spacing--small);padding-right:var(--wp--preset--spacing--small);padding-bottom:var(--wp--preset--spacing--small);padding-left:var(--wp--preset--spacing--small)\">\n<h4 class=\"wp-block-heading has-text-align-center has-poppins-font-family\" style=\"font-style:normal;font-weight:700\">M\u00e9dico formado em 1974<\/h4>\n\n\n\n<p class=\"has-text-align-center has-poppins-font-family\" style=\"font-style:normal;font-weight:600;line-height:1.3\">Especialista em Cirurgia Geral<br>e Biologia Molecular<\/p>\n\n\n\n<p class=\"has-text-align-center has-poppins-font-family\" style=\"font-style:normal;font-weight:600;line-height:1.3\"><\/p>\n<\/div>\n<\/div>\n<\/div>\n\n\n\n<div class=\"wp-block-column is-layout-flow wp-block-column-is-layout-flow\">\n<div class=\"wp-block-group is-content-justification-center is-layout-flex wp-container-core-group-is-layout-132f66e4 wp-block-group-is-layout-flex\">\n<div class=\"wp-block-group has-border-color has-outline-border-color wp-container-content-9cfa9a5a has-global-padding is-layout-constrained wp-container-core-group-is-layout-9a4c8acf wp-block-group-is-layout-constrained\" style=\"border-width:1px;border-radius:10px;padding-top:var(--wp--preset--spacing--small);padding-right:var(--wp--preset--spacing--small);padding-bottom:var(--wp--preset--spacing--small);padding-left:var(--wp--preset--spacing--small)\">\n<h4 class=\"wp-block-heading has-text-align-center has-poppins-font-family\" style=\"font-style:normal;font-weight:700\">Autor do Livro (2003)<\/h4>\n\n\n\n<p class=\"has-text-align-center has-poppins-font-family\" style=\"font-style:normal;font-weight:600;line-height:1.3\">\u201cMedicina Molecular\u201d<br><br><\/p>\n<\/div>\n\n\n\n<div class=\"wp-block-group has-border-color has-outline-border-color wp-container-content-9cfa9a5a has-global-padding is-layout-constrained wp-container-core-group-is-layout-9a4c8acf wp-block-group-is-layout-constrained\" style=\"border-width:1px;border-radius:10px;padding-top:var(--wp--preset--spacing--small);padding-right:var(--wp--preset--spacing--small);padding-bottom:var(--wp--preset--spacing--small);padding-left:var(--wp--preset--spacing--small)\">\n<h4 class=\"wp-block-heading has-text-align-center has-poppins-font-family\" style=\"font-style:normal;font-weight:700\">Para a Comunidade M\u00e9dica<\/h4>\n\n\n\n<p class=\"has-text-align-center has-poppins-font-family\" style=\"font-style:normal;font-weight:600;line-height:1.3\">Organizo o Primeiro Congresso<br>de Medicina Ortomolecular<br>no Rio Grande do Sul \u2013 Brasil<\/p>\n<\/div>\n<\/div>\n<\/div>\n<\/div>\n<\/div>\n<\/div>\n<\/div>\n\n\n\n<p><\/p>\n\n\n\n<p><\/p>\n","protected":false},"excerpt":{"rendered":"<p>Desde 1987 Cl\u00ednica Dr. Jos\u00e9 Valda\u00ed de Souza Com um corpo cl\u00ednico formado por profissionais experientes e constantemente atualizados,a cl\u00ednica Jos\u00e9 Valda\u00ed de Souza possui recursos e equipamentos de \u00faltima gera\u00e7\u00e3o,o que permite oferecer o tratamento ideal na preserva\u00e7\u00e3o da sa\u00fade e qualidade de vida de seus pacientes. M\u00e9dico experiente cuidando da sua sa\u00fade O [&hellip;]<\/p>\n","protected":false},"author":1,"featured_media":0,"parent":0,"menu_order":0,"comment_status":"closed","ping_status":"closed","template":"page-no-gap","meta":{"pagelayer_contact_templates":[],"_pagelayer_content":"","footnotes":""},"class_list":["post-152","page","type-page","status-publish","hentry"],"_links":{"self":[{"href":"https:\/\/ciencia-medicina-biologia-molecular.clinicavaldai.com.br\/porto-alegre-rs-brasil\/wp-json\/wp\/v2\/pages\/152","targetHints":{"allow":["GET"]}}],"collection":[{"href":"https:\/\/ciencia-medicina-biologia-molecular.clinicavaldai.com.br\/porto-alegre-rs-brasil\/wp-json\/wp\/v2\/pages"}],"about":[{"href":"https:\/\/ciencia-medicina-biologia-molecular.clinicavaldai.com.br\/porto-alegre-rs-brasil\/wp-json\/wp\/v2\/types\/page"}],"author":[{"embeddable":true,"href":"https:\/\/ciencia-medicina-biologia-molecular.clinicavaldai.com.br\/porto-alegre-rs-brasil\/wp-json\/wp\/v2\/users\/1"}],"replies":[{"embeddable":true,"href":"https:\/\/ciencia-medicina-biologia-molecular.clinicavaldai.com.br\/porto-alegre-rs-brasil\/wp-json\/wp\/v2\/comments?post=152"}],"version-history":[{"count":27,"href":"https:\/\/ciencia-medicina-biologia-molecular.clinicavaldai.com.br\/porto-alegre-rs-brasil\/wp-json\/wp\/v2\/pages\/152\/revisions"}],"predecessor-version":[{"id":606,"href":"https:\/\/ciencia-medicina-biologia-molecular.clinicavaldai.com.br\/porto-alegre-rs-brasil\/wp-json\/wp\/v2\/pages\/152\/revisions\/606"}],"wp:attachment":[{"href":"https:\/\/ciencia-medicina-biologia-molecular.clinicavaldai.com.br\/porto-alegre-rs-brasil\/wp-json\/wp\/v2\/media?parent=152"}],"curies":[{"name":"wp","href":"https:\/\/api.w.org\/{rel}","templated":true}]}}