{"id":146,"date":"2026-01-04T21:30:12","date_gmt":"2026-01-04T21:30:12","guid":{"rendered":"https:\/\/ciencia-medicina-biologia-molecular.clinicavaldai.com.br\/porto-alegre-rs-brasil\/?page_id=146"},"modified":"2026-01-07T22:27:12","modified_gmt":"2026-01-07T22:27:12","slug":"exames","status":"publish","type":"page","link":"https:\/\/ciencia-medicina-biologia-molecular.clinicavaldai.com.br\/porto-alegre-rs-brasil\/exames\/","title":{"rendered":"EXAMES"},"content":{"rendered":"\n<div class=\"wp-block-group has-global-padding is-layout-constrained wp-container-core-group-is-layout-429943f4 wp-block-group-is-layout-constrained\" style=\"padding-top:var(--wp--preset--spacing--xx-large);padding-right:var(--wp--preset--spacing--x-small);padding-bottom:var(--wp--preset--spacing--xx-large);padding-left:var(--wp--preset--spacing--x-small)\">\n<div class=\"wp-block-group alignfull has-global-padding is-layout-constrained wp-container-core-group-is-layout-19de00cd wp-block-group-is-layout-constrained\" style=\"margin-top:0;margin-bottom:0\">\n<div class=\"wp-block-columns is-layout-flex wp-container-core-columns-is-layout-437095ab wp-block-columns-is-layout-flex\" style=\"margin-top:0;padding-top:var(--wp--preset--spacing--x-small)\">\n<div class=\"wp-block-column is-layout-flow wp-container-core-column-is-layout-c7b3064f wp-block-column-is-layout-flow\">\n<div class=\"wp-block-group is-nowrap is-layout-flex wp-container-core-group-is-layout-dae6801e wp-block-group-is-layout-flex\" style=\"margin-bottom:var(--wp--preset--spacing--x-small)\">\n<hr class=\"wp-block-separator has-text-color has-highlight-color has-alpha-channel-opacity has-highlight-background-color has-background is-style-wide wp-container-content-e1bb55cb\"\/>\n\n\n\n<h6 class=\"wp-block-heading has-highlight-color has-text-color has-link-color has-poppins-font-family has-x-small-font-size wp-elements-5b0127eb63226fbaf3a02960adee6ba4\" style=\"font-style:normal;font-weight:600\">Cl\u00ednica Dr. Jos\u00e9 Valda\u00ed de Souza<\/h6>\n<\/div>\n\n\n\n<h3 class=\"wp-block-heading has-poppins-font-family\" style=\"font-style:normal;font-weight:700\">EXAMES REALIZADOS<\/h3>\n\n\n\n<p class=\"has-text-align-left has-poppins-font-family has-small-font-size\">estudo da mol\u00e9cula, al\u00e9m de representar um novo avan\u00e7o na medicina, auxilia no tratamento <br>das doen\u00e7as degenerativas, possibilitando indicar a terapia mais efetiva e individualizada <br>a cada paciente, buscando o equil\u00edbrio bioqu\u00edmico do organismo.<\/p>\n\n\n\n<p class=\"has-text-align-left has-poppins-font-family has-small-font-size\"><\/p>\n<\/div>\n<\/div>\n\n\n\n<div class=\"wp-block-group has-global-padding is-layout-constrained wp-container-core-group-is-layout-23cc8a20 wp-block-group-is-layout-constrained\">\n<div class=\"wp-block-group is-content-justification-center is-nowrap is-layout-flex wp-container-core-group-is-layout-23441af8 wp-block-group-is-layout-flex\">\n<hr class=\"wp-block-separator has-text-color has-outline-color has-alpha-channel-opacity has-outline-background-color has-background\"\/>\n\n\n\n<p class=\"has-text-align-center has-poppins-font-family has-large-font-size\" style=\"font-style:normal;font-weight:600;line-height:1.3\">Alguns Exames e as Doen\u00e7as prevenidas<\/p>\n\n\n\n<hr class=\"wp-block-separator has-text-color has-outline-color has-alpha-channel-opacity has-outline-background-color has-background\"\/>\n<\/div>\n\n\n\n<div class=\"wp-block-columns is-layout-flex wp-container-core-columns-is-layout-318252f0 wp-block-columns-is-layout-flex\">\n<div class=\"wp-block-column is-layout-flow wp-block-column-is-layout-flow\">\n<div class=\"wp-block-group is-content-justification-center is-layout-flex wp-container-core-group-is-layout-132f66e4 wp-block-group-is-layout-flex\">\n<div class=\"wp-block-group has-border-color has-outline-border-color wp-container-content-9cfa9a5a has-global-padding is-layout-constrained wp-container-core-group-is-layout-9a4c8acf wp-block-group-is-layout-constrained\" style=\"border-width:1px;border-radius:10px;padding-top:var(--wp--preset--spacing--small);padding-right:var(--wp--preset--spacing--small);padding-bottom:var(--wp--preset--spacing--small);padding-left:var(--wp--preset--spacing--small)\">\n<h4 class=\"wp-block-heading has-text-align-center has-poppins-font-family\" style=\"font-style:normal;font-weight:700\">AMINOACIDOGRAMA<\/h4>\n<\/div>\n\n\n\n<div class=\"wp-block-group has-border-color has-outline-border-color wp-container-content-9cfa9a5a has-global-padding is-layout-constrained wp-container-core-group-is-layout-9a4c8acf wp-block-group-is-layout-constrained\" style=\"border-width:1px;border-radius:10px;padding-top:var(--wp--preset--spacing--small);padding-right:var(--wp--preset--spacing--small);padding-bottom:var(--wp--preset--spacing--small);padding-left:var(--wp--preset--spacing--small)\">\n<h4 class=\"wp-block-heading has-text-align-center has-poppins-font-family\" style=\"font-style:normal;font-weight:700\">MINERALOGRAMA<br>(Metais T\u00f3xicos e<br>Elementos Essenciais)<\/h4>\n<\/div>\n\n\n\n<div class=\"wp-block-group has-border-color has-outline-border-color wp-container-content-9cfa9a5a has-global-padding is-layout-constrained wp-container-core-group-is-layout-9a4c8acf wp-block-group-is-layout-constrained\" style=\"border-width:1px;border-radius:10px;padding-top:var(--wp--preset--spacing--small);padding-right:var(--wp--preset--spacing--small);padding-bottom:var(--wp--preset--spacing--small);padding-left:var(--wp--preset--spacing--small)\">\n<h4 class=\"wp-block-heading has-text-align-center has-poppins-font-family\" style=\"font-style:normal;font-weight:700\">DERMATOSCOPIA<\/h4>\n<\/div>\n\n\n\n<div class=\"wp-block-group has-border-color has-outline-border-color wp-container-content-9cfa9a5a has-global-padding is-layout-constrained wp-container-core-group-is-layout-9a4c8acf wp-block-group-is-layout-constrained\" style=\"border-width:1px;border-radius:10px;padding-top:var(--wp--preset--spacing--small);padding-right:var(--wp--preset--spacing--small);padding-bottom:var(--wp--preset--spacing--small);padding-left:var(--wp--preset--spacing--small)\">\n<h4 class=\"wp-block-heading has-text-align-center has-poppins-font-family\" style=\"font-style:normal;font-weight:700\">QUALIDADE DAS GORDURAS<\/h4>\n<\/div>\n<\/div>\n<\/div>\n\n\n\n<div class=\"wp-block-column is-layout-flow wp-block-column-is-layout-flow\">\n<div class=\"wp-block-group is-content-justification-center is-layout-flex wp-container-core-group-is-layout-132f66e4 wp-block-group-is-layout-flex\">\n<div class=\"wp-block-group has-border-color has-outline-border-color wp-container-content-9cfa9a5a has-global-padding is-layout-constrained wp-container-core-group-is-layout-9a4c8acf wp-block-group-is-layout-constrained\" style=\"border-width:1px;border-radius:10px;padding-top:var(--wp--preset--spacing--small);padding-right:var(--wp--preset--spacing--small);padding-bottom:var(--wp--preset--spacing--small);padding-left:var(--wp--preset--spacing--small)\">\n<h4 class=\"wp-block-heading has-text-align-center has-poppins-font-family\" style=\"font-style:normal;font-weight:700\">ANTICORPOS PARA FUNGOS<\/h4>\n<\/div>\n\n\n\n<div class=\"wp-block-group has-border-color has-outline-border-color wp-container-content-9cfa9a5a has-global-padding is-layout-constrained wp-container-core-group-is-layout-9a4c8acf wp-block-group-is-layout-constrained\" style=\"border-width:1px;border-radius:10px;padding-top:var(--wp--preset--spacing--small);padding-right:var(--wp--preset--spacing--small);padding-bottom:var(--wp--preset--spacing--small);padding-left:var(--wp--preset--spacing--small)\">\n<h4 class=\"wp-block-heading has-text-align-center has-poppins-font-family\" style=\"font-style:normal;font-weight:700\">MARCADORES TUMORAIS <br>E BIOL\u00d3GICOS<\/h4>\n<\/div>\n\n\n\n<div class=\"wp-block-group has-border-color has-outline-border-color wp-container-content-9cfa9a5a has-global-padding is-layout-constrained wp-container-core-group-is-layout-9a4c8acf wp-block-group-is-layout-constrained\" style=\"border-width:1px;border-radius:10px;padding-top:var(--wp--preset--spacing--small);padding-right:var(--wp--preset--spacing--small);padding-bottom:var(--wp--preset--spacing--small);padding-left:var(--wp--preset--spacing--small)\">\n<h4 class=\"wp-block-heading has-text-align-center has-poppins-font-family\" style=\"font-style:normal;font-weight:700\">VITAMINOGRAMA<\/h4>\n<\/div>\n\n\n\n<div class=\"wp-block-group has-border-color has-outline-border-color wp-container-content-9cfa9a5a has-global-padding is-layout-constrained wp-container-core-group-is-layout-9a4c8acf wp-block-group-is-layout-constrained\" style=\"border-width:1px;border-radius:10px;padding-top:var(--wp--preset--spacing--small);padding-right:var(--wp--preset--spacing--small);padding-bottom:var(--wp--preset--spacing--small);padding-left:var(--wp--preset--spacing--small)\">\n<h4 class=\"wp-block-heading has-text-align-center has-poppins-font-family\" style=\"font-style:normal;font-weight:700\">MINERALOGRAMA <br>(Metais Pesados)<\/h4>\n<\/div>\n<\/div>\n<\/div>\n<\/div>\n<\/div>\n<\/div>\n<\/div>\n","protected":false},"excerpt":{"rendered":"<p>Cl\u00ednica Dr. Jos\u00e9 Valda\u00ed de Souza EXAMES REALIZADOS estudo da mol\u00e9cula, al\u00e9m de representar um novo avan\u00e7o na medicina, auxilia no tratamento das doen\u00e7as degenerativas, possibilitando indicar a terapia mais efetiva e individualizada a cada paciente, buscando o equil\u00edbrio bioqu\u00edmico do organismo. Alguns Exames e as Doen\u00e7as prevenidas AMINOACIDOGRAMA MINERALOGRAMA(Metais T\u00f3xicos eElementos Essenciais) DERMATOSCOPIA QUALIDADE [&hellip;]<\/p>\n","protected":false},"author":1,"featured_media":0,"parent":0,"menu_order":0,"comment_status":"closed","ping_status":"closed","template":"page-no-gap","meta":{"pagelayer_contact_templates":[],"_pagelayer_content":"","footnotes":""},"class_list":["post-146","page","type-page","status-publish","hentry"],"_links":{"self":[{"href":"https:\/\/ciencia-medicina-biologia-molecular.clinicavaldai.com.br\/porto-alegre-rs-brasil\/wp-json\/wp\/v2\/pages\/146","targetHints":{"allow":["GET"]}}],"collection":[{"href":"https:\/\/ciencia-medicina-biologia-molecular.clinicavaldai.com.br\/porto-alegre-rs-brasil\/wp-json\/wp\/v2\/pages"}],"about":[{"href":"https:\/\/ciencia-medicina-biologia-molecular.clinicavaldai.com.br\/porto-alegre-rs-brasil\/wp-json\/wp\/v2\/types\/page"}],"author":[{"embeddable":true,"href":"https:\/\/ciencia-medicina-biologia-molecular.clinicavaldai.com.br\/porto-alegre-rs-brasil\/wp-json\/wp\/v2\/users\/1"}],"replies":[{"embeddable":true,"href":"https:\/\/ciencia-medicina-biologia-molecular.clinicavaldai.com.br\/porto-alegre-rs-brasil\/wp-json\/wp\/v2\/comments?post=146"}],"version-history":[{"count":9,"href":"https:\/\/ciencia-medicina-biologia-molecular.clinicavaldai.com.br\/porto-alegre-rs-brasil\/wp-json\/wp\/v2\/pages\/146\/revisions"}],"predecessor-version":[{"id":367,"href":"https:\/\/ciencia-medicina-biologia-molecular.clinicavaldai.com.br\/porto-alegre-rs-brasil\/wp-json\/wp\/v2\/pages\/146\/revisions\/367"}],"wp:attachment":[{"href":"https:\/\/ciencia-medicina-biologia-molecular.clinicavaldai.com.br\/porto-alegre-rs-brasil\/wp-json\/wp\/v2\/media?parent=146"}],"curies":[{"name":"wp","href":"https:\/\/api.w.org\/{rel}","templated":true}]}}